{"id":186857,"date":"2026-02-12T10:09:22","date_gmt":"2026-02-12T09:09:22","guid":{"rendered":"https:\/\/climateactionaccelerator.org\/?page_id=186857"},"modified":"2026-03-06T09:55:33","modified_gmt":"2026-03-06T08:55:33","slug":"methodologie-operationnelle-pour-laction-climatique-dans-le-secteur-de-la-sante","status":"publish","type":"page","link":"https:\/\/climateactionaccelerator.org\/fr\/methodologie-operationnelle-pour-laction-climatique-dans-le-secteur-de-la-sante\/","title":{"rendered":"M\u00e9thodologie op\u00e9rationnelle pour l&rsquo;action climatique dans le secteur de la sant\u00e9"},"content":{"rendered":"","protected":false},"excerpt":{"rendered":"","protected":false},"author":21,"featured_media":186853,"parent":0,"menu_order":0,"comment_status":"closed","ping_status":"closed","template":"","meta":{"_acf_changed":false,"footnotes":""},"class_list":["post-186857","page","type-page","status-publish","has-post-thumbnail","hentry","sector-sante","tags-outil","tags-ressource"],"acf":[],"_links":{"self":[{"href":"https:\/\/climateactionaccelerator.org\/fr\/wp-json\/wp\/v2\/pages\/186857","targetHints":{"allow":["GET"]}}],"collection":[{"href":"https:\/\/climateactionaccelerator.org\/fr\/wp-json\/wp\/v2\/pages"}],"about":[{"href":"https:\/\/climateactionaccelerator.org\/fr\/wp-json\/wp\/v2\/types\/page"}],"author":[{"embeddable":true,"href":"https:\/\/climateactionaccelerator.org\/fr\/wp-json\/wp\/v2\/users\/21"}],"replies":[{"embeddable":true,"href":"https:\/\/climateactionaccelerator.org\/fr\/wp-json\/wp\/v2\/comments?post=186857"}],"version-history":[{"count":4,"href":"https:\/\/climateactionaccelerator.org\/fr\/wp-json\/wp\/v2\/pages\/186857\/revisions"}],"predecessor-version":[{"id":192389,"href":"https:\/\/climateactionaccelerator.org\/fr\/wp-json\/wp\/v2\/pages\/186857\/revisions\/192389"}],"wp:featuredmedia":[{"embeddable":true,"href":"https:\/\/climateactionaccelerator.org\/fr\/wp-json\/wp\/v2\/media\/186853"}],"wp:attachment":[{"href":"https:\/\/climateactionaccelerator.org\/fr\/wp-json\/wp\/v2\/media?parent=186857"}],"curies":[{"name":"wp","href":"https:\/\/api.w.org\/{rel}","templated":true}]}}