{"id":185095,"date":"2025-11-19T09:26:00","date_gmt":"2025-11-19T08:26:00","guid":{"rendered":"https:\/\/climateactionaccelerator.org\/?page_id=185095"},"modified":"2025-11-19T09:26:03","modified_gmt":"2025-11-19T08:26:03","slug":"methodologie-emissions-cva","status":"publish","type":"page","link":"https:\/\/climateactionaccelerator.org\/fr\/methodologie-emissions-cva\/","title":{"rendered":"Une m\u00e9thodologie commune pour mesurer les \u00e9missions li\u00e9es \u00e0 l&rsquo;aide en esp\u00e8ces et sous forme de bons (CVA)"},"content":{"rendered":"","protected":false},"excerpt":{"rendered":"","protected":false},"author":21,"featured_media":185092,"parent":0,"menu_order":0,"comment_status":"closed","ping_status":"closed","template":"","meta":{"_acf_changed":false,"footnotes":""},"class_list":["post-185095","page","type-page","status-publish","has-post-thumbnail","hentry","sector-aide","tags-empreinte-carbone","tags-cva-fr"],"acf":[],"_links":{"self":[{"href":"https:\/\/climateactionaccelerator.org\/fr\/wp-json\/wp\/v2\/pages\/185095","targetHints":{"allow":["GET"]}}],"collection":[{"href":"https:\/\/climateactionaccelerator.org\/fr\/wp-json\/wp\/v2\/pages"}],"about":[{"href":"https:\/\/climateactionaccelerator.org\/fr\/wp-json\/wp\/v2\/types\/page"}],"author":[{"embeddable":true,"href":"https:\/\/climateactionaccelerator.org\/fr\/wp-json\/wp\/v2\/users\/21"}],"replies":[{"embeddable":true,"href":"https:\/\/climateactionaccelerator.org\/fr\/wp-json\/wp\/v2\/comments?post=185095"}],"version-history":[{"count":2,"href":"https:\/\/climateactionaccelerator.org\/fr\/wp-json\/wp\/v2\/pages\/185095\/revisions"}],"predecessor-version":[{"id":185098,"href":"https:\/\/climateactionaccelerator.org\/fr\/wp-json\/wp\/v2\/pages\/185095\/revisions\/185098"}],"wp:featuredmedia":[{"embeddable":true,"href":"https:\/\/climateactionaccelerator.org\/fr\/wp-json\/wp\/v2\/media\/185092"}],"wp:attachment":[{"href":"https:\/\/climateactionaccelerator.org\/fr\/wp-json\/wp\/v2\/media?parent=185095"}],"curies":[{"name":"wp","href":"https:\/\/api.w.org\/{rel}","templated":true}]}}