{"id":182218,"date":"2025-12-04T14:53:30","date_gmt":"2025-12-04T13:53:30","guid":{"rendered":"https:\/\/climateactionaccelerator.org\/?page_id=182218"},"modified":"2026-02-12T15:21:04","modified_gmt":"2026-02-12T14:21:04","slug":"boite-a-outils-sante","status":"publish","type":"page","link":"https:\/\/climateactionaccelerator.org\/fr\/boite-a-outils-sante\/","title":{"rendered":"Bo\u00eete \u00e0 outils pour l&rsquo;action climatique dans le secteur de la sant\u00e9"},"content":{"rendered":"","protected":false},"excerpt":{"rendered":"","protected":false},"author":21,"featured_media":185921,"parent":0,"menu_order":0,"comment_status":"closed","ping_status":"closed","template":"","meta":{"_acf_changed":false,"footnotes":""},"class_list":["post-182218","page","type-page","status-publish","has-post-thumbnail","hentry","sector-sante","tags-boite-a-outils"],"acf":[],"_links":{"self":[{"href":"https:\/\/climateactionaccelerator.org\/fr\/wp-json\/wp\/v2\/pages\/182218","targetHints":{"allow":["GET"]}}],"collection":[{"href":"https:\/\/climateactionaccelerator.org\/fr\/wp-json\/wp\/v2\/pages"}],"about":[{"href":"https:\/\/climateactionaccelerator.org\/fr\/wp-json\/wp\/v2\/types\/page"}],"author":[{"embeddable":true,"href":"https:\/\/climateactionaccelerator.org\/fr\/wp-json\/wp\/v2\/users\/21"}],"replies":[{"embeddable":true,"href":"https:\/\/climateactionaccelerator.org\/fr\/wp-json\/wp\/v2\/comments?post=182218"}],"version-history":[{"count":9,"href":"https:\/\/climateactionaccelerator.org\/fr\/wp-json\/wp\/v2\/pages\/182218\/revisions"}],"predecessor-version":[{"id":190522,"href":"https:\/\/climateactionaccelerator.org\/fr\/wp-json\/wp\/v2\/pages\/182218\/revisions\/190522"}],"wp:featuredmedia":[{"embeddable":true,"href":"https:\/\/climateactionaccelerator.org\/fr\/wp-json\/wp\/v2\/media\/185921"}],"wp:attachment":[{"href":"https:\/\/climateactionaccelerator.org\/fr\/wp-json\/wp\/v2\/media?parent=182218"}],"curies":[{"name":"wp","href":"https:\/\/api.w.org\/{rel}","templated":true}]}}