{"id":179731,"date":"2025-09-19T19:23:42","date_gmt":"2025-09-19T17:23:42","guid":{"rendered":"https:\/\/climateactionaccelerator.org\/?page_id=179731"},"modified":"2026-02-12T10:14:37","modified_gmt":"2026-02-12T09:14:37","slug":"transformer-les-systemes-et-services-de-sante-en-modeles-de-resilience-climatique-et-bas-carbone","status":"publish","type":"page","link":"https:\/\/climateactionaccelerator.org\/fr\/transformer-les-systemes-et-services-de-sante-en-modeles-de-resilience-climatique-et-bas-carbone\/","title":{"rendered":"Transformer les syst\u00e8mes et services de sant\u00e9 en mod\u00e8les de resilience climatique et bas carbone"},"content":{"rendered":"","protected":false},"excerpt":{"rendered":"","protected":false},"author":21,"featured_media":176839,"parent":0,"menu_order":0,"comment_status":"closed","ping_status":"closed","template":"","meta":{"_acf_changed":false,"footnotes":""},"class_list":["post-179731","page","type-page","status-publish","has-post-thumbnail","hentry","sector-sante","tags-climate-fr","tags-climat","tags-collaboration-fr"],"acf":[],"_links":{"self":[{"href":"https:\/\/climateactionaccelerator.org\/fr\/wp-json\/wp\/v2\/pages\/179731","targetHints":{"allow":["GET"]}}],"collection":[{"href":"https:\/\/climateactionaccelerator.org\/fr\/wp-json\/wp\/v2\/pages"}],"about":[{"href":"https:\/\/climateactionaccelerator.org\/fr\/wp-json\/wp\/v2\/types\/page"}],"author":[{"embeddable":true,"href":"https:\/\/climateactionaccelerator.org\/fr\/wp-json\/wp\/v2\/users\/21"}],"replies":[{"embeddable":true,"href":"https:\/\/climateactionaccelerator.org\/fr\/wp-json\/wp\/v2\/comments?post=179731"}],"version-history":[{"count":5,"href":"https:\/\/climateactionaccelerator.org\/fr\/wp-json\/wp\/v2\/pages\/179731\/revisions"}],"predecessor-version":[{"id":190503,"href":"https:\/\/climateactionaccelerator.org\/fr\/wp-json\/wp\/v2\/pages\/179731\/revisions\/190503"}],"wp:featuredmedia":[{"embeddable":true,"href":"https:\/\/climateactionaccelerator.org\/fr\/wp-json\/wp\/v2\/media\/176839"}],"wp:attachment":[{"href":"https:\/\/climateactionaccelerator.org\/fr\/wp-json\/wp\/v2\/media?parent=179731"}],"curies":[{"name":"wp","href":"https:\/\/api.w.org\/{rel}","templated":true}]}}