{"id":161270,"date":"2024-06-13T13:33:37","date_gmt":"2024-06-13T11:33:37","guid":{"rendered":"https:\/\/climateactionaccelerator.org\/?page_id=161270"},"modified":"2025-04-01T14:09:17","modified_gmt":"2025-04-01T12:09:17","slug":"feuille-de-route-secteur-humanitaire","status":"publish","type":"page","link":"https:\/\/climateactionaccelerator.org\/fr\/feuille-de-route-secteur-humanitaire\/","title":{"rendered":"R\u00e9duire de moiti\u00e9 les \u00e9missions de gaz \u00e0 effet de serre d&rsquo;ici 2030 dans le secteur humanitaire : une feuille de route sectorielle"},"content":{"rendered":"","protected":false},"excerpt":{"rendered":"","protected":false},"author":21,"featured_media":139502,"parent":0,"menu_order":0,"comment_status":"closed","ping_status":"closed","template":"","meta":{"_acf_changed":false,"footnotes":""},"class_list":["post-161270","page","type-page","status-publish","has-post-thumbnail","hentry","sector-aide","tags-roadmap-fr","tags-feuille-de-route-fr","tags-secteur-humanitaire"],"acf":[],"_links":{"self":[{"href":"https:\/\/climateactionaccelerator.org\/fr\/wp-json\/wp\/v2\/pages\/161270","targetHints":{"allow":["GET"]}}],"collection":[{"href":"https:\/\/climateactionaccelerator.org\/fr\/wp-json\/wp\/v2\/pages"}],"about":[{"href":"https:\/\/climateactionaccelerator.org\/fr\/wp-json\/wp\/v2\/types\/page"}],"author":[{"embeddable":true,"href":"https:\/\/climateactionaccelerator.org\/fr\/wp-json\/wp\/v2\/users\/21"}],"replies":[{"embeddable":true,"href":"https:\/\/climateactionaccelerator.org\/fr\/wp-json\/wp\/v2\/comments?post=161270"}],"version-history":[{"count":1,"href":"https:\/\/climateactionaccelerator.org\/fr\/wp-json\/wp\/v2\/pages\/161270\/revisions"}],"predecessor-version":[{"id":162622,"href":"https:\/\/climateactionaccelerator.org\/fr\/wp-json\/wp\/v2\/pages\/161270\/revisions\/162622"}],"wp:featuredmedia":[{"embeddable":true,"href":"https:\/\/climateactionaccelerator.org\/fr\/wp-json\/wp\/v2\/media\/139502"}],"wp:attachment":[{"href":"https:\/\/climateactionaccelerator.org\/fr\/wp-json\/wp\/v2\/media?parent=161270"}],"curies":[{"name":"wp","href":"https:\/\/api.w.org\/{rel}","templated":true}]}}