{"id":160650,"date":"2025-03-13T11:00:00","date_gmt":"2025-03-13T10:00:00","guid":{"rendered":"https:\/\/climateactionaccelerator.org\/?page_id=160650"},"modified":"2025-03-13T16:28:04","modified_gmt":"2025-03-13T15:28:04","slug":"notre-modele-dacceleration","status":"publish","type":"page","link":"https:\/\/climateactionaccelerator.org\/fr\/notre-modele-dacceleration\/","title":{"rendered":"Notre mod\u00e8le d&rsquo;acc\u00e9l\u00e9ration"},"content":{"rendered":"","protected":false},"excerpt":{"rendered":"","protected":false},"author":21,"featured_media":143536,"parent":0,"menu_order":0,"comment_status":"closed","ping_status":"closed","template":"","meta":{"_acf_changed":false,"footnotes":""},"class_list":["post-160650","page","type-page","status-publish","has-post-thumbnail","hentry","tags-modele-dacceleration","tags-approche"],"acf":[],"_links":{"self":[{"href":"https:\/\/climateactionaccelerator.org\/fr\/wp-json\/wp\/v2\/pages\/160650","targetHints":{"allow":["GET"]}}],"collection":[{"href":"https:\/\/climateactionaccelerator.org\/fr\/wp-json\/wp\/v2\/pages"}],"about":[{"href":"https:\/\/climateactionaccelerator.org\/fr\/wp-json\/wp\/v2\/types\/page"}],"author":[{"embeddable":true,"href":"https:\/\/climateactionaccelerator.org\/fr\/wp-json\/wp\/v2\/users\/21"}],"replies":[{"embeddable":true,"href":"https:\/\/climateactionaccelerator.org\/fr\/wp-json\/wp\/v2\/comments?post=160650"}],"version-history":[{"count":0,"href":"https:\/\/climateactionaccelerator.org\/fr\/wp-json\/wp\/v2\/pages\/160650\/revisions"}],"wp:featuredmedia":[{"embeddable":true,"href":"https:\/\/climateactionaccelerator.org\/fr\/wp-json\/wp\/v2\/media\/143536"}],"wp:attachment":[{"href":"https:\/\/climateactionaccelerator.org\/fr\/wp-json\/wp\/v2\/media?parent=160650"}],"curies":[{"name":"wp","href":"https:\/\/api.w.org\/{rel}","templated":true}]}}