{"id":120424,"date":"2023-09-21T11:41:34","date_gmt":"2023-09-21T09:41:34","guid":{"rendered":"https:\/\/climateactionaccelerator.org\/accelerating-the-reduction-of-the-environmental-impact-of-humanitarian-action\/"},"modified":"2023-10-05T15:49:32","modified_gmt":"2023-10-05T13:49:32","slug":"accelerating-the-reduction-of-the-environmental-impact-of-humanitarian-action","status":"publish","type":"page","link":"https:\/\/climateactionaccelerator.org\/fr\/accelerating-the-reduction-of-the-environmental-impact-of-humanitarian-action\/","title":{"rendered":"Acc\u00e9l\u00e9rer la r\u00e9duction de l&rsquo;impact environnemental de l&rsquo;action humanitaire"},"content":{"rendered":"","protected":false},"excerpt":{"rendered":"","protected":false},"author":4,"featured_media":115884,"parent":0,"menu_order":0,"comment_status":"closed","ping_status":"closed","template":"","meta":{"_acf_changed":false,"footnotes":""},"class_list":["post-120424","page","type-page","status-publish","has-post-thumbnail","hentry"],"acf":[],"_links":{"self":[{"href":"https:\/\/climateactionaccelerator.org\/fr\/wp-json\/wp\/v2\/pages\/120424","targetHints":{"allow":["GET"]}}],"collection":[{"href":"https:\/\/climateactionaccelerator.org\/fr\/wp-json\/wp\/v2\/pages"}],"about":[{"href":"https:\/\/climateactionaccelerator.org\/fr\/wp-json\/wp\/v2\/types\/page"}],"author":[{"embeddable":true,"href":"https:\/\/climateactionaccelerator.org\/fr\/wp-json\/wp\/v2\/users\/4"}],"replies":[{"embeddable":true,"href":"https:\/\/climateactionaccelerator.org\/fr\/wp-json\/wp\/v2\/comments?post=120424"}],"version-history":[{"count":0,"href":"https:\/\/climateactionaccelerator.org\/fr\/wp-json\/wp\/v2\/pages\/120424\/revisions"}],"wp:featuredmedia":[{"embeddable":true,"href":"https:\/\/climateactionaccelerator.org\/fr\/wp-json\/wp\/v2\/media\/115884"}],"wp:attachment":[{"href":"https:\/\/climateactionaccelerator.org\/fr\/wp-json\/wp\/v2\/media?parent=120424"}],"curies":[{"name":"wp","href":"https:\/\/api.w.org\/{rel}","templated":true}]}}